{"id":34957,"date":"2025-09-04T17:01:27","date_gmt":"2025-09-04T17:01:27","guid":{"rendered":"https:\/\/ar-instrumed.de\/demo\/?post_type=product&#038;p=34957"},"modified":"2025-09-22T20:15:00","modified_gmt":"2025-09-22T20:15:00","slug":"implant-instruments-set-of-25-stainless-steel-tray","status":"publish","type":"product","link":"https:\/\/ar-instrumed.de\/es\/producto\/implant-instruments-set-of-25-stainless-steel-tray\/","title":{"rendered":"Juego de 25 instrumentos para implantes Bandeja de acero inoxidable"},"content":{"rendered":"<p>Instrumentos para implantes Juego de 25 piezas cassettes de acero inoxidable material de sujeci\u00f3n: acero inoxidable m\u00e9dico de alta calidad, resistente a la corrosi\u00f3n autoclavable<\/p>","protected":false},"excerpt":{"rendered":"<p>Instrumentos para implantes Juego de 25 piezas cassettes de acero inoxidable material de sujeci\u00f3n: acero inoxidable m\u00e9dico de alta calidad, resistente a la corrosi\u00f3n autoclavable<\/p>","protected":false},"featured_media":35024,"comment_status":"open","ping_status":"closed","template":"","meta":[],"product_brand":[],"product_cat":[224,246],"product_tag":[],"class_list":{"0":"post-34957","1":"product","2":"type-product","3":"status-publish","4":"has-post-thumbnail","6":"product_cat-instruments-set","7":"product_cat-implantology","9":"first","10":"instock","11":"taxable","12":"shipping-taxable","13":"purchasable","14":"product-type-simple"},"_links":{"self":[{"href":"https:\/\/ar-instrumed.de\/es\/wp-json\/wp\/v2\/product\/34957","targetHints":{"allow":["GET"]}}],"collection":[{"href":"https:\/\/ar-instrumed.de\/es\/wp-json\/wp\/v2\/product"}],"about":[{"href":"https:\/\/ar-instrumed.de\/es\/wp-json\/wp\/v2\/types\/product"}],"replies":[{"embeddable":true,"href":"https:\/\/ar-instrumed.de\/es\/wp-json\/wp\/v2\/comments?post=34957"}],"version-history":[{"count":2,"href":"https:\/\/ar-instrumed.de\/es\/wp-json\/wp\/v2\/product\/34957\/revisions"}],"predecessor-version":[{"id":55936,"href":"https:\/\/ar-instrumed.de\/es\/wp-json\/wp\/v2\/product\/34957\/revisions\/55936"}],"wp:featuredmedia":[{"embeddable":true,"href":"https:\/\/ar-instrumed.de\/es\/wp-json\/wp\/v2\/media\/35024"}],"wp:attachment":[{"href":"https:\/\/ar-instrumed.de\/es\/wp-json\/wp\/v2\/media?parent=34957"}],"wp:term":[{"taxonomy":"product_brand","embeddable":true,"href":"https:\/\/ar-instrumed.de\/es\/wp-json\/wp\/v2\/product_brand?post=34957"},{"taxonomy":"product_cat","embeddable":true,"href":"https:\/\/ar-instrumed.de\/es\/wp-json\/wp\/v2\/product_cat?post=34957"},{"taxonomy":"product_tag","embeddable":true,"href":"https:\/\/ar-instrumed.de\/es\/wp-json\/wp\/v2\/product_tag?post=34957"}],"curies":[{"name":"wp","href":"https:\/\/api.w.org\/{rel}","templated":true}]}}