{"id":31920,"date":"2025-09-04T15:59:46","date_gmt":"2025-09-04T15:59:46","guid":{"rendered":"https:\/\/ar-instrumed.de\/demo\/?post_type=product&#038;p=31920"},"modified":"2025-09-22T20:25:58","modified_gmt":"2025-09-22T20:25:58","slug":"stainless-steel-tray-holding-cassettes-5-pieces-cassettes-hold-182x72x34mm","status":"publish","type":"product","link":"https:\/\/ar-instrumed.de\/es\/producto\/stainless-steel-tray-holding-cassettes-5-pieces-cassettes-hold-182x72x34mm\/","title":{"rendered":"Bandeja de acero inoxidable (para casetes) 5 piezas. Casetes de 182x72x34mm"},"content":{"rendered":"<p><span style=\"caret-color: rgb(111, 111, 111); color: rgb(111, 111, 111); font-family: Helvetica, Arial, sans-serif; font-size: 14px;\">Bandejas de acero inoxidable (portacassettes) para 5 piezas 182x72x34 mm con&nbsp;<\/span>mecanismo de presi\u00f3n<span style=\"caret-color: rgb(111, 111, 111); color: rgb(111, 111, 111); font-family: Helvetica, Arial, sans-serif; font-size: 14px;\">&nbsp;Tapa con insertos de silicona reemplazables - azul, f\u00e1cilmente ajustable. Material: Acero inoxidable m\u00e9dico de alta calidad, resistente a la corrosi\u00f3n. Autoclavable.<\/span><\/p>\n<div><span style=\"caret-color: rgb(111, 111, 111); color: rgb(111, 111, 111); font-family: Helvetica, Arial, sans-serif; font-size: 14px;\"><br \/><\/span><\/div>\n<div><a href=\"https:\/\/www.youtube.com\/watch?v=xPFvbSQfZhU\">Instrucciones en v\u00eddeo<\/a><span style=\"caret-color: rgb(111, 111, 111); color: rgb(111, 111, 111); font-family: Helvetica, Arial, sans-serif; font-size: 14px;\"><br \/><\/span><\/div>","protected":false},"excerpt":{"rendered":"<p>Stainless steel trays (cassette holders) for 5 pieces 182x72x34 mm with&nbsp;pressure mechanism&nbsp;Lid with replaceable silicone inserts &#8211; blue, easily adjustable.<\/p>","protected":false},"featured_media":31969,"comment_status":"open","ping_status":"closed","template":"","meta":[],"product_brand":[],"product_cat":[238],"product_tag":[],"class_list":{"0":"post-31920","1":"product","2":"type-product","3":"status-publish","4":"has-post-thumbnail","6":"product_cat-sterilisation-tray-bowl","8":"first","9":"instock","10":"taxable","11":"shipping-taxable","12":"purchasable","13":"product-type-simple"},"_links":{"self":[{"href":"https:\/\/ar-instrumed.de\/es\/wp-json\/wp\/v2\/product\/31920","targetHints":{"allow":["GET"]}}],"collection":[{"href":"https:\/\/ar-instrumed.de\/es\/wp-json\/wp\/v2\/product"}],"about":[{"href":"https:\/\/ar-instrumed.de\/es\/wp-json\/wp\/v2\/types\/product"}],"replies":[{"embeddable":true,"href":"https:\/\/ar-instrumed.de\/es\/wp-json\/wp\/v2\/comments?post=31920"}],"version-history":[{"count":2,"href":"https:\/\/ar-instrumed.de\/es\/wp-json\/wp\/v2\/product\/31920\/revisions"}],"predecessor-version":[{"id":56901,"href":"https:\/\/ar-instrumed.de\/es\/wp-json\/wp\/v2\/product\/31920\/revisions\/56901"}],"wp:featuredmedia":[{"embeddable":true,"href":"https:\/\/ar-instrumed.de\/es\/wp-json\/wp\/v2\/media\/31969"}],"wp:attachment":[{"href":"https:\/\/ar-instrumed.de\/es\/wp-json\/wp\/v2\/media?parent=31920"}],"wp:term":[{"taxonomy":"product_brand","embeddable":true,"href":"https:\/\/ar-instrumed.de\/es\/wp-json\/wp\/v2\/product_brand?post=31920"},{"taxonomy":"product_cat","embeddable":true,"href":"https:\/\/ar-instrumed.de\/es\/wp-json\/wp\/v2\/product_cat?post=31920"},{"taxonomy":"product_tag","embeddable":true,"href":"https:\/\/ar-instrumed.de\/es\/wp-json\/wp\/v2\/product_tag?post=31920"}],"curies":[{"name":"wp","href":"https:\/\/api.w.org\/{rel}","templated":true}]}}