{"id":31318,"date":"2025-09-04T15:49:34","date_gmt":"2025-09-04T15:49:34","guid":{"rendered":"https:\/\/ar-instrumed.de\/demo\/?post_type=product&#038;p=31318"},"modified":"2025-09-22T20:27:03","modified_gmt":"2025-09-22T20:27:03","slug":"sterilization-tray-10pcs-144x203x32mm-2","status":"publish","type":"product","link":"https:\/\/ar-instrumed.de\/es\/producto\/sterilization-tray-10pcs-144x203x32mm-2\/","title":{"rendered":"Bandeja de esterilizaci\u00f3n 10pcs 144x203x32mm"},"content":{"rendered":"<p><span style=\"caret-color: rgb(111, 111, 111); color: rgb(111, 111, 111); font-family: Helvetica, Arial, sans-serif; font-size: 14px;\">Bandejas de acero inoxidable (portacassettes) para 10 piezas 140x203x32 mm con&nbsp;<\/span><span style=\"caret-color: rgb(111, 111, 111); color: rgb(111, 111, 111); font-family: Helvetica, Arial, sans-serif; font-size: 14px;\">Mecanismo de impresi\u00f3n&nbsp;<\/span><span style=\"caret-color: rgb(111, 111, 111); color: rgb(111, 111, 111); font-family: Helvetica, Arial, sans-serif; font-size: 14px;\">Tapa extra\u00edble con insertos de silicona intercambiables - azul, f\u00e1cilmente ajustable. Material: Acero inoxidable m\u00e9dico de alta calidad, resistente a la corrosi\u00f3n. Autoclavable.<\/span><\/p>\n<div><a href=\"https:\/\/www.youtube.com\/watch?v=xPFvbSQfZhU\">Instrucciones en v\u00eddeo<\/a><span style=\"caret-color: rgb(111, 111, 111); color: rgb(111, 111, 111); font-family: Helvetica, Arial, sans-serif; font-size: 14px;\"><br \/><\/span><\/div>","protected":false},"excerpt":{"rendered":"<p>Stainless steel trays (cassette holders) for 10 pieces 140x203x32 mm with&nbsp;Printing mechanism&nbsp;Removable lid with interchangeable silicone inserts &#8211; blue, easily<\/p>","protected":false},"featured_media":31368,"comment_status":"open","ping_status":"closed","template":"","meta":[],"product_brand":[],"product_cat":[238],"product_tag":[],"class_list":{"0":"post-31318","1":"product","2":"type-product","3":"status-publish","4":"has-post-thumbnail","6":"product_cat-sterilisation-tray-bowl","8":"first","9":"instock","10":"taxable","11":"shipping-taxable","12":"purchasable","13":"product-type-simple"},"_links":{"self":[{"href":"https:\/\/ar-instrumed.de\/es\/wp-json\/wp\/v2\/product\/31318","targetHints":{"allow":["GET"]}}],"collection":[{"href":"https:\/\/ar-instrumed.de\/es\/wp-json\/wp\/v2\/product"}],"about":[{"href":"https:\/\/ar-instrumed.de\/es\/wp-json\/wp\/v2\/types\/product"}],"replies":[{"embeddable":true,"href":"https:\/\/ar-instrumed.de\/es\/wp-json\/wp\/v2\/comments?post=31318"}],"version-history":[{"count":2,"href":"https:\/\/ar-instrumed.de\/es\/wp-json\/wp\/v2\/product\/31318\/revisions"}],"predecessor-version":[{"id":57068,"href":"https:\/\/ar-instrumed.de\/es\/wp-json\/wp\/v2\/product\/31318\/revisions\/57068"}],"wp:featuredmedia":[{"embeddable":true,"href":"https:\/\/ar-instrumed.de\/es\/wp-json\/wp\/v2\/media\/31368"}],"wp:attachment":[{"href":"https:\/\/ar-instrumed.de\/es\/wp-json\/wp\/v2\/media?parent=31318"}],"wp:term":[{"taxonomy":"product_brand","embeddable":true,"href":"https:\/\/ar-instrumed.de\/es\/wp-json\/wp\/v2\/product_brand?post=31318"},{"taxonomy":"product_cat","embeddable":true,"href":"https:\/\/ar-instrumed.de\/es\/wp-json\/wp\/v2\/product_cat?post=31318"},{"taxonomy":"product_tag","embeddable":true,"href":"https:\/\/ar-instrumed.de\/es\/wp-json\/wp\/v2\/product_tag?post=31318"}],"curies":[{"name":"wp","href":"https:\/\/api.w.org\/{rel}","templated":true}]}}