{"id":38013,"date":"2025-09-04T18:37:05","date_gmt":"2025-09-04T18:37:05","guid":{"rendered":"https:\/\/ar-instrumed.de\/demo\/?post_type=product&#038;p=38013"},"modified":"2025-09-22T20:05:54","modified_gmt":"2025-09-22T20:05:54","slug":"dental-pliers-set-of-10-pieces","status":"publish","type":"product","link":"https:\/\/ar-instrumed.de\/de\/product\/dental-pliers-set-of-10-pieces\/","title":{"rendered":"Zahnzangen Set aus 10 teilen"},"content":{"rendered":"<p>Zahnzangen Set aus 10 teilen Standard Griff Fig 1 OK-Schneidez\u00e4hne Fig 7 OK-Pr\u00e4molaren Fig 13 UK-Pr\u00e4molaren Fig 17 OK-Molaren Links Fig 18 OK-Molaren Rechts Fig 22 UK-Molaren Fig 33A UK-Wurzeln Fig 51 OK-Wurzeln Fig 67 OK-dritte Molaren Fig 79A UK-dritte Molaren<\/p>","protected":false},"excerpt":{"rendered":"<p>Extracting forceps set of 10 parts standard handle Fig 1 Upper incisors Fig 7 Upper premolars Fig 13 Lower premolars<\/p>","protected":false},"featured_media":38057,"comment_status":"open","ping_status":"closed","template":"","meta":[],"product_brand":[],"product_cat":[224,225,271],"product_tag":[],"class_list":{"0":"post-38013","1":"product","2":"type-product","3":"status-publish","4":"has-post-thumbnail","6":"product_cat-instruments-set","7":"product_cat-extraction","8":"product_cat-extraction-forceps-standard-handle","10":"first","11":"outofstock","12":"taxable","13":"shipping-taxable","14":"purchasable","15":"product-type-simple"},"_links":{"self":[{"href":"https:\/\/ar-instrumed.de\/de\/wp-json\/wp\/v2\/product\/38013","targetHints":{"allow":["GET"]}}],"collection":[{"href":"https:\/\/ar-instrumed.de\/de\/wp-json\/wp\/v2\/product"}],"about":[{"href":"https:\/\/ar-instrumed.de\/de\/wp-json\/wp\/v2\/types\/product"}],"replies":[{"embeddable":true,"href":"https:\/\/ar-instrumed.de\/de\/wp-json\/wp\/v2\/comments?post=38013"}],"version-history":[{"count":2,"href":"https:\/\/ar-instrumed.de\/de\/wp-json\/wp\/v2\/product\/38013\/revisions"}],"predecessor-version":[{"id":55030,"href":"https:\/\/ar-instrumed.de\/de\/wp-json\/wp\/v2\/product\/38013\/revisions\/55030"}],"wp:featuredmedia":[{"embeddable":true,"href":"https:\/\/ar-instrumed.de\/de\/wp-json\/wp\/v2\/media\/38057"}],"wp:attachment":[{"href":"https:\/\/ar-instrumed.de\/de\/wp-json\/wp\/v2\/media?parent=38013"}],"wp:term":[{"taxonomy":"product_brand","embeddable":true,"href":"https:\/\/ar-instrumed.de\/de\/wp-json\/wp\/v2\/product_brand?post=38013"},{"taxonomy":"product_cat","embeddable":true,"href":"https:\/\/ar-instrumed.de\/de\/wp-json\/wp\/v2\/product_cat?post=38013"},{"taxonomy":"product_tag","embeddable":true,"href":"https:\/\/ar-instrumed.de\/de\/wp-json\/wp\/v2\/product_tag?post=38013"}],"curies":[{"name":"wp","href":"https:\/\/api.w.org\/{rel}","templated":true}]}}