{"id":38009,"date":"2025-09-04T18:37:00","date_gmt":"2025-09-04T18:37:00","guid":{"rendered":"https:\/\/ar-instrumed.de\/demo\/?post_type=product&#038;p=38009"},"modified":"2025-09-22T20:05:54","modified_gmt":"2025-09-22T20:05:54","slug":"fig-7-upper-premolars","status":"publish","type":"product","link":"https:\/\/ar-instrumed.de\/de\/product\/fig-7-upper-premolars\/","title":{"rendered":"Zahnzange Fig 7"},"content":{"rendered":"<p>'-Zahnzange Oberkiefer Pr\u00e4molaren, Figur 7 -Material: Hochwertiger, korrosionsbest\u00e4ndiger medizinischer Edelstahl -Haftprofil (Kreuzverzahnung) Zangenmaul innen l\u00e4ngs- und quergeriffelt -Rand gezahnt, dadurch bessere Friktion am Zahn -Autoklavierbar, sterilisierbar -Lieferbar mit Standard Griff  -Standard Griff ist sehr gut f\u00fcr das Arbeiten mit Handschuhen geeignet <\/p>","protected":false},"excerpt":{"rendered":"<p>-Extraction forceps for upper premolars, figure 7 -Material: High-quality, corrosion-resistant medical stainless steel -Cut-off profile (cross-toothing) -The inside of the<\/p>","protected":false},"featured_media":38049,"comment_status":"open","ping_status":"closed","template":"","meta":[],"product_brand":[],"product_cat":[225,231,271],"product_tag":[],"class_list":{"0":"post-38009","1":"product","2":"type-product","3":"status-publish","4":"has-post-thumbnail","6":"product_cat-extraction","7":"product_cat-extraction-forceps","8":"product_cat-extraction-forceps-standard-handle","10":"first","11":"instock","12":"taxable","13":"shipping-taxable","14":"purchasable","15":"product-type-simple"},"_links":{"self":[{"href":"https:\/\/ar-instrumed.de\/de\/wp-json\/wp\/v2\/product\/38009","targetHints":{"allow":["GET"]}}],"collection":[{"href":"https:\/\/ar-instrumed.de\/de\/wp-json\/wp\/v2\/product"}],"about":[{"href":"https:\/\/ar-instrumed.de\/de\/wp-json\/wp\/v2\/types\/product"}],"replies":[{"embeddable":true,"href":"https:\/\/ar-instrumed.de\/de\/wp-json\/wp\/v2\/comments?post=38009"}],"version-history":[{"count":2,"href":"https:\/\/ar-instrumed.de\/de\/wp-json\/wp\/v2\/product\/38009\/revisions"}],"predecessor-version":[{"id":55032,"href":"https:\/\/ar-instrumed.de\/de\/wp-json\/wp\/v2\/product\/38009\/revisions\/55032"}],"wp:featuredmedia":[{"embeddable":true,"href":"https:\/\/ar-instrumed.de\/de\/wp-json\/wp\/v2\/media\/38049"}],"wp:attachment":[{"href":"https:\/\/ar-instrumed.de\/de\/wp-json\/wp\/v2\/media?parent=38009"}],"wp:term":[{"taxonomy":"product_brand","embeddable":true,"href":"https:\/\/ar-instrumed.de\/de\/wp-json\/wp\/v2\/product_brand?post=38009"},{"taxonomy":"product_cat","embeddable":true,"href":"https:\/\/ar-instrumed.de\/de\/wp-json\/wp\/v2\/product_cat?post=38009"},{"taxonomy":"product_tag","embeddable":true,"href":"https:\/\/ar-instrumed.de\/de\/wp-json\/wp\/v2\/product_tag?post=38009"}],"curies":[{"name":"wp","href":"https:\/\/api.w.org\/{rel}","templated":true}]}}