{"id":37271,"date":"2025-09-04T18:17:41","date_gmt":"2025-09-04T18:17:41","guid":{"rendered":"https:\/\/ar-instrumed.de\/demo\/?post_type=product&#038;p=37271"},"modified":"2025-09-22T20:07:49","modified_gmt":"2025-09-22T20:07:49","slug":"filling-instrument-1-2-1-5mm-10mm-17cm","status":"publish","type":"product","link":"https:\/\/ar-instrumed.de\/de\/product\/filling-instrument-1-2-1-5mm-10mm-17cm\/","title":{"rendered":"Kugelstopfer"},"content":{"rendered":"<p>Kugelstopfer 1.2mm \/ 1.5 mm 10 mm Hohl sehr handlich, f\u00fcr plastische F\u00fcllungen doppelendig Material: Hochwertiger medizinischer Edelstahl, korrosionsbest\u00e4ndig Autoklavierbar, sterilisierbar<\/p>","protected":false},"excerpt":{"rendered":"<p>Ball plugger 1.2mm \/ 1.5 mm 10 mm hollow very handy, for plastic fillings double-ended Material: High-quality medical stainless steel,<\/p>","protected":false},"featured_media":37324,"comment_status":"open","ping_status":"closed","template":"","meta":[],"product_brand":[],"product_cat":[240,241,259],"product_tag":[],"class_list":{"0":"post-37271","1":"product","2":"type-product","3":"status-publish","4":"has-post-thumbnail","6":"product_cat-conservative","7":"product_cat-filling-instruments","8":"product_cat-spatulas","10":"first","11":"instock","12":"taxable","13":"shipping-taxable","14":"purchasable","15":"product-type-simple"},"_links":{"self":[{"href":"https:\/\/ar-instrumed.de\/de\/wp-json\/wp\/v2\/product\/37271","targetHints":{"allow":["GET"]}}],"collection":[{"href":"https:\/\/ar-instrumed.de\/de\/wp-json\/wp\/v2\/product"}],"about":[{"href":"https:\/\/ar-instrumed.de\/de\/wp-json\/wp\/v2\/types\/product"}],"replies":[{"embeddable":true,"href":"https:\/\/ar-instrumed.de\/de\/wp-json\/wp\/v2\/comments?post=37271"}],"version-history":[{"count":2,"href":"https:\/\/ar-instrumed.de\/de\/wp-json\/wp\/v2\/product\/37271\/revisions"}],"predecessor-version":[{"id":55241,"href":"https:\/\/ar-instrumed.de\/de\/wp-json\/wp\/v2\/product\/37271\/revisions\/55241"}],"wp:featuredmedia":[{"embeddable":true,"href":"https:\/\/ar-instrumed.de\/de\/wp-json\/wp\/v2\/media\/37324"}],"wp:attachment":[{"href":"https:\/\/ar-instrumed.de\/de\/wp-json\/wp\/v2\/media?parent=37271"}],"wp:term":[{"taxonomy":"product_brand","embeddable":true,"href":"https:\/\/ar-instrumed.de\/de\/wp-json\/wp\/v2\/product_brand?post=37271"},{"taxonomy":"product_cat","embeddable":true,"href":"https:\/\/ar-instrumed.de\/de\/wp-json\/wp\/v2\/product_cat?post=37271"},{"taxonomy":"product_tag","embeddable":true,"href":"https:\/\/ar-instrumed.de\/de\/wp-json\/wp\/v2\/product_tag?post=37271"}],"curies":[{"name":"wp","href":"https:\/\/api.w.org\/{rel}","templated":true}]}}