{"id":37023,"date":"2025-09-04T18:10:05","date_gmt":"2025-09-04T18:10:05","guid":{"rendered":"https:\/\/ar-instrumed.de\/demo\/?post_type=product&#038;p=37023"},"modified":"2025-10-13T15:44:49","modified_gmt":"2025-10-13T15:44:49","slug":"20-pcs-sterilization-tray-288x182x34mm-2","status":"publish","type":"product","link":"https:\/\/ar-instrumed.de\/de\/product\/20-pcs-sterilization-tray-288x182x34mm-2\/","title":{"rendered":"Edelstahltrays ( Kassetten Halten )  288x182x34 mm"},"content":{"rendered":"<p>Edelstahltrays ( Kassetten Halten )  f\u00fcr 20 St\u00fcck 288x182x34 mm mit druck mechanism abnehmbarer Deckel mit auswechselbaren Silikoneins\u00e4tzen - blau, einfach verstellbar Material: Hochwertiger medizinischer Edelstahl, korrosionsbest\u00e4ndig Autoklavierbar<font color=\"#6f6f6f\" face=\"Helvetica, Arial, sans-serif\"><span style=\"caret-color: rgb(111, 111, 111); font-size: 14px;\"> <\/span><\/font>Abnehmbarer Deckel mit austauschbaren Silikoneins\u00e4tzen - blau, leicht verstellbar. Material: Hochwertiger medizinischer Edelstahl, korrosionsbest\u00e4ndig. Autoklavierbar.<\/p>\n<div><a href=\"https:\/\/www.youtube.com\/watch?v=xPFvbSQfZhU\">Video Anleitung<\/a><\/div>","protected":false},"excerpt":{"rendered":"<p>Stainless steel trays (cassette holders) for 20 pieces, 288 x 182 x 34 mm, with pressure mechanism. Removable lid with<\/p>","protected":false},"featured_media":37084,"comment_status":"open","ping_status":"closed","template":"","meta":[],"product_brand":[],"product_cat":[238],"product_tag":[],"class_list":{"0":"post-37023","1":"product","2":"type-product","3":"status-publish","4":"has-post-thumbnail","6":"product_cat-sterilisation-tray-bowl","8":"first","9":"instock","10":"taxable","11":"shipping-taxable","12":"purchasable","13":"product-type-simple"},"_links":{"self":[{"href":"https:\/\/ar-instrumed.de\/de\/wp-json\/wp\/v2\/product\/37023","targetHints":{"allow":["GET"]}}],"collection":[{"href":"https:\/\/ar-instrumed.de\/de\/wp-json\/wp\/v2\/product"}],"about":[{"href":"https:\/\/ar-instrumed.de\/de\/wp-json\/wp\/v2\/types\/product"}],"replies":[{"embeddable":true,"href":"https:\/\/ar-instrumed.de\/de\/wp-json\/wp\/v2\/comments?post=37023"}],"version-history":[{"count":2,"href":"https:\/\/ar-instrumed.de\/de\/wp-json\/wp\/v2\/product\/37023\/revisions"}],"predecessor-version":[{"id":55286,"href":"https:\/\/ar-instrumed.de\/de\/wp-json\/wp\/v2\/product\/37023\/revisions\/55286"}],"wp:featuredmedia":[{"embeddable":true,"href":"https:\/\/ar-instrumed.de\/de\/wp-json\/wp\/v2\/media\/37084"}],"wp:attachment":[{"href":"https:\/\/ar-instrumed.de\/de\/wp-json\/wp\/v2\/media?parent=37023"}],"wp:term":[{"taxonomy":"product_brand","embeddable":true,"href":"https:\/\/ar-instrumed.de\/de\/wp-json\/wp\/v2\/product_brand?post=37023"},{"taxonomy":"product_cat","embeddable":true,"href":"https:\/\/ar-instrumed.de\/de\/wp-json\/wp\/v2\/product_cat?post=37023"},{"taxonomy":"product_tag","embeddable":true,"href":"https:\/\/ar-instrumed.de\/de\/wp-json\/wp\/v2\/product_tag?post=37023"}],"curies":[{"name":"wp","href":"https:\/\/api.w.org\/{rel}","templated":true}]}}