{"id":37019,"date":"2025-09-04T18:09:45","date_gmt":"2025-09-04T18:09:45","guid":{"rendered":"https:\/\/ar-instrumed.de\/demo\/?post_type=product&#038;p=37019"},"modified":"2025-09-22T20:08:28","modified_gmt":"2025-09-22T20:08:28","slug":"instrument-box-rectangular-20x10x5cm","status":"publish","type":"product","link":"https:\/\/ar-instrumed.de\/de\/product\/instrument-box-rectangular-20x10x5cm\/","title":{"rendered":"Instrument Box"},"content":{"rendered":"<p>Instrument Box  Gr\u00f6\u00dfe ca. 20 x 10 x 5 cm Material: Hochwertiger medizinischer Edelstahl, korrosionsbest\u00e4ndig Autoklavierbar, sterilisierbar<\/p>","protected":false},"excerpt":{"rendered":"<p>Instrument Box  Gr\u00f6\u00dfe ca. 20 x 10 x 5 cm Material: Hochwertiger medizinischer Edelstahl, korrosionsbest\u00e4ndig Autoklavierbar, sterilisierbar<\/p>","protected":false},"featured_media":37071,"comment_status":"open","ping_status":"closed","template":"","meta":[],"product_brand":[],"product_cat":[238],"product_tag":[],"class_list":{"0":"post-37019","1":"product","2":"type-product","3":"status-publish","4":"has-post-thumbnail","6":"product_cat-sterilisation-tray-bowl","8":"first","9":"instock","10":"taxable","11":"shipping-taxable","12":"purchasable","13":"product-type-simple"},"_links":{"self":[{"href":"https:\/\/ar-instrumed.de\/de\/wp-json\/wp\/v2\/product\/37019","targetHints":{"allow":["GET"]}}],"collection":[{"href":"https:\/\/ar-instrumed.de\/de\/wp-json\/wp\/v2\/product"}],"about":[{"href":"https:\/\/ar-instrumed.de\/de\/wp-json\/wp\/v2\/types\/product"}],"replies":[{"embeddable":true,"href":"https:\/\/ar-instrumed.de\/de\/wp-json\/wp\/v2\/comments?post=37019"}],"version-history":[{"count":2,"href":"https:\/\/ar-instrumed.de\/de\/wp-json\/wp\/v2\/product\/37019\/revisions"}],"predecessor-version":[{"id":55290,"href":"https:\/\/ar-instrumed.de\/de\/wp-json\/wp\/v2\/product\/37019\/revisions\/55290"}],"wp:featuredmedia":[{"embeddable":true,"href":"https:\/\/ar-instrumed.de\/de\/wp-json\/wp\/v2\/media\/37071"}],"wp:attachment":[{"href":"https:\/\/ar-instrumed.de\/de\/wp-json\/wp\/v2\/media?parent=37019"}],"wp:term":[{"taxonomy":"product_brand","embeddable":true,"href":"https:\/\/ar-instrumed.de\/de\/wp-json\/wp\/v2\/product_brand?post=37019"},{"taxonomy":"product_cat","embeddable":true,"href":"https:\/\/ar-instrumed.de\/de\/wp-json\/wp\/v2\/product_cat?post=37019"},{"taxonomy":"product_tag","embeddable":true,"href":"https:\/\/ar-instrumed.de\/de\/wp-json\/wp\/v2\/product_tag?post=37019"}],"curies":[{"name":"wp","href":"https:\/\/api.w.org\/{rel}","templated":true}]}}