{"id":36949,"date":"2025-09-04T18:07:37","date_gmt":"2025-09-04T18:07:37","guid":{"rendered":"https:\/\/ar-instrumed.de\/demo\/?post_type=product&#038;p=36949"},"modified":"2025-11-20T09:50:17","modified_gmt":"2025-11-20T09:50:17","slug":"extracting-forceps-set-for-adults-set-of-10-pcs-special-black-plasma-coating","status":"publish","type":"product","link":"https:\/\/ar-instrumed.de\/de\/product\/extracting-forceps-set-for-adults-set-of-10-pcs-special-black-plasma-coating\/","title":{"rendered":"Zahnzangen Set Schwarz Plasma"},"content":{"rendered":"<p><iframe title=\"Schwarzes Extraktionswerkzeug\" width=\"500\" height=\"281\" src=\"https:\/\/www.youtube.com\/embed\/Ceb05sw0sCU?feature=oembed\" frameborder=\"0\" allow=\"accelerometer; autoplay; clipboard-write; encrypted-media; gyroscope; picture-in-picture; web-share\" referrerpolicy=\"strict-origin-when-cross-origin\" allowfullscreen><\/iframe><\/p>\n<p>Zahnzangen Set aus 10 teilen Spezielle Griff Schwarz Plasma Fig 1 OK-Schneidez\u00e4hne Fig 7 OK-Pr\u00e4molaren Fig 13 UK-Pr\u00e4molaren Fig 17 OK-Molaren Links Fig 18 OK-Molaren Rechts Fig 22 UK-Molaren Fig 33A UK-Wurzeln Fig 51 OK-Wurzeln Fig 67 OK-dritte Molaren Fig 79A UK-dritte Molaren<\/p>","protected":false},"excerpt":{"rendered":"<p>Extraction forceps set of 10 pieces, special handle, black plasma. Fig. 1: Upper incisors, Fig. 7: Upper premolars, Fig. 13:<\/p>","protected":false},"featured_media":37010,"comment_status":"open","ping_status":"closed","template":"","meta":[],"product_brand":[],"product_cat":[224,225,233],"product_tag":[],"class_list":{"0":"post-36949","1":"product","2":"type-product","3":"status-publish","4":"has-post-thumbnail","6":"product_cat-instruments-set","7":"product_cat-extraction","8":"product_cat-best-seller","10":"first","11":"instock","12":"taxable","13":"shipping-taxable","14":"purchasable","15":"product-type-simple"},"_links":{"self":[{"href":"https:\/\/ar-instrumed.de\/de\/wp-json\/wp\/v2\/product\/36949","targetHints":{"allow":["GET"]}}],"collection":[{"href":"https:\/\/ar-instrumed.de\/de\/wp-json\/wp\/v2\/product"}],"about":[{"href":"https:\/\/ar-instrumed.de\/de\/wp-json\/wp\/v2\/types\/product"}],"replies":[{"embeddable":true,"href":"https:\/\/ar-instrumed.de\/de\/wp-json\/wp\/v2\/comments?post=36949"}],"version-history":[{"count":2,"href":"https:\/\/ar-instrumed.de\/de\/wp-json\/wp\/v2\/product\/36949\/revisions"}],"predecessor-version":[{"id":55306,"href":"https:\/\/ar-instrumed.de\/de\/wp-json\/wp\/v2\/product\/36949\/revisions\/55306"}],"wp:featuredmedia":[{"embeddable":true,"href":"https:\/\/ar-instrumed.de\/de\/wp-json\/wp\/v2\/media\/37010"}],"wp:attachment":[{"href":"https:\/\/ar-instrumed.de\/de\/wp-json\/wp\/v2\/media?parent=36949"}],"wp:term":[{"taxonomy":"product_brand","embeddable":true,"href":"https:\/\/ar-instrumed.de\/de\/wp-json\/wp\/v2\/product_brand?post=36949"},{"taxonomy":"product_cat","embeddable":true,"href":"https:\/\/ar-instrumed.de\/de\/wp-json\/wp\/v2\/product_cat?post=36949"},{"taxonomy":"product_tag","embeddable":true,"href":"https:\/\/ar-instrumed.de\/de\/wp-json\/wp\/v2\/product_tag?post=36949"}],"curies":[{"name":"wp","href":"https:\/\/api.w.org\/{rel}","templated":true}]}}