{"id":36619,"date":"2025-09-04T17:58:34","date_gmt":"2025-09-04T17:58:34","guid":{"rendered":"https:\/\/ar-instrumed.de\/demo\/?post_type=product&#038;p=36619"},"modified":"2025-09-22T20:09:52","modified_gmt":"2025-09-22T20:09:52","slug":"lower-premolars-16-5cm-2","status":"publish","type":"product","link":"https:\/\/ar-instrumed.de\/de\/product\/lower-premolars-16-5cm-2\/","title":{"rendered":"Zahnzange Unterkiefer Pr\u00e4molaren  16.5cm"},"content":{"rendered":"<p>Tiefgreifende Zahnzange Unterkiefer Pr\u00e4molaren, Material: Hochwertiger, korrosionsbest\u00e4ndiger medizinischer Edelstahl Haftprofil (Kreuzverzahnung) Zangenmaul innen l\u00e4ngs- und quergeriffelt Rand gezahnt, dadurch bessere Friktion am Zahn Gesamtl\u00e4nge: ca. 16.5 cm Autoklavierbar, sterilisierbar Lieferbar mit Standard Griff  Standard Griff ist sehr gut f\u00fcr das Arbeiten mit Handschuhen geeignet<\/p>","protected":false},"excerpt":{"rendered":"<p>Deep-gripping extraction forceps for lower jaw premolars, Material: High-quality, corrosion-resistant medical stainless steel Adhesive profile (cross serration) Forceps jaws with<\/p>","protected":false},"featured_media":36654,"comment_status":"open","ping_status":"closed","template":"","meta":[],"product_brand":[],"product_cat":[225,231,271],"product_tag":[],"class_list":{"0":"post-36619","1":"product","2":"type-product","3":"status-publish","4":"has-post-thumbnail","6":"product_cat-extraction","7":"product_cat-extraction-forceps","8":"product_cat-extraction-forceps-standard-handle","10":"first","11":"instock","12":"taxable","13":"shipping-taxable","14":"purchasable","15":"product-type-simple"},"_links":{"self":[{"href":"https:\/\/ar-instrumed.de\/de\/wp-json\/wp\/v2\/product\/36619","targetHints":{"allow":["GET"]}}],"collection":[{"href":"https:\/\/ar-instrumed.de\/de\/wp-json\/wp\/v2\/product"}],"about":[{"href":"https:\/\/ar-instrumed.de\/de\/wp-json\/wp\/v2\/types\/product"}],"replies":[{"embeddable":true,"href":"https:\/\/ar-instrumed.de\/de\/wp-json\/wp\/v2\/comments?post=36619"}],"version-history":[{"count":2,"href":"https:\/\/ar-instrumed.de\/de\/wp-json\/wp\/v2\/product\/36619\/revisions"}],"predecessor-version":[{"id":55428,"href":"https:\/\/ar-instrumed.de\/de\/wp-json\/wp\/v2\/product\/36619\/revisions\/55428"}],"wp:featuredmedia":[{"embeddable":true,"href":"https:\/\/ar-instrumed.de\/de\/wp-json\/wp\/v2\/media\/36654"}],"wp:attachment":[{"href":"https:\/\/ar-instrumed.de\/de\/wp-json\/wp\/v2\/media?parent=36619"}],"wp:term":[{"taxonomy":"product_brand","embeddable":true,"href":"https:\/\/ar-instrumed.de\/de\/wp-json\/wp\/v2\/product_brand?post=36619"},{"taxonomy":"product_cat","embeddable":true,"href":"https:\/\/ar-instrumed.de\/de\/wp-json\/wp\/v2\/product_cat?post=36619"},{"taxonomy":"product_tag","embeddable":true,"href":"https:\/\/ar-instrumed.de\/de\/wp-json\/wp\/v2\/product_tag?post=36619"}],"curies":[{"name":"wp","href":"https:\/\/api.w.org\/{rel}","templated":true}]}}