{"id":35941,"date":"2025-09-04T17:40:09","date_gmt":"2025-09-04T17:40:09","guid":{"rendered":"https:\/\/ar-instrumed.de\/demo\/?post_type=product&#038;p=35941"},"modified":"2025-10-13T09:48:25","modified_gmt":"2025-10-13T09:48:25","slug":"lucas-curette-2-0mm","status":"publish","type":"product","link":"https:\/\/ar-instrumed.de\/de\/product\/lucas-curette-2-0mm\/","title":{"rendered":"Lucas K\u00fcretten"},"content":{"rendered":"<p>Lucas K\u00fcretten sehr handlich,  doppelendig 6 mm Material: Hochwertiger medizinischer Edelstahl, korrosionsbest\u00e4ndig Autoklavierbar, sterilisierbar<\/p>","protected":false},"excerpt":{"rendered":"<p>Lucas K\u00fcretten sehr handlich,  doppelendig 6 mm Material: Hochwertiger medizinischer Edelstahl, korrosionsbest\u00e4ndig Autoklavierbar, sterilisierbar<\/p>","protected":false},"featured_media":36004,"comment_status":"open","ping_status":"closed","template":"","meta":[],"product_brand":[],"product_cat":[240,241],"product_tag":[],"class_list":{"0":"post-35941","1":"product","2":"type-product","3":"status-publish","4":"has-post-thumbnail","6":"product_cat-conservative","7":"product_cat-filling-instruments","9":"first","10":"instock","11":"taxable","12":"shipping-taxable","13":"purchasable","14":"product-type-simple"},"_links":{"self":[{"href":"https:\/\/ar-instrumed.de\/de\/wp-json\/wp\/v2\/product\/35941","targetHints":{"allow":["GET"]}}],"collection":[{"href":"https:\/\/ar-instrumed.de\/de\/wp-json\/wp\/v2\/product"}],"about":[{"href":"https:\/\/ar-instrumed.de\/de\/wp-json\/wp\/v2\/types\/product"}],"replies":[{"embeddable":true,"href":"https:\/\/ar-instrumed.de\/de\/wp-json\/wp\/v2\/comments?post=35941"}],"version-history":[{"count":2,"href":"https:\/\/ar-instrumed.de\/de\/wp-json\/wp\/v2\/product\/35941\/revisions"}],"predecessor-version":[{"id":55626,"href":"https:\/\/ar-instrumed.de\/de\/wp-json\/wp\/v2\/product\/35941\/revisions\/55626"}],"wp:featuredmedia":[{"embeddable":true,"href":"https:\/\/ar-instrumed.de\/de\/wp-json\/wp\/v2\/media\/36004"}],"wp:attachment":[{"href":"https:\/\/ar-instrumed.de\/de\/wp-json\/wp\/v2\/media?parent=35941"}],"wp:term":[{"taxonomy":"product_brand","embeddable":true,"href":"https:\/\/ar-instrumed.de\/de\/wp-json\/wp\/v2\/product_brand?post=35941"},{"taxonomy":"product_cat","embeddable":true,"href":"https:\/\/ar-instrumed.de\/de\/wp-json\/wp\/v2\/product_cat?post=35941"},{"taxonomy":"product_tag","embeddable":true,"href":"https:\/\/ar-instrumed.de\/de\/wp-json\/wp\/v2\/product_tag?post=35941"}],"curies":[{"name":"wp","href":"https:\/\/api.w.org\/{rel}","templated":true}]}}