{"id":35634,"date":"2025-09-04T17:32:34","date_gmt":"2025-09-04T17:32:34","guid":{"rendered":"https:\/\/ar-instrumed.de\/demo\/?post_type=product&#038;p=35634"},"modified":"2025-09-22T20:12:50","modified_gmt":"2025-09-22T20:12:50","slug":"20-pcs-sterilization-tray-288x182x34mm","status":"publish","type":"product","link":"https:\/\/ar-instrumed.de\/de\/product\/20-pcs-sterilization-tray-288x182x34mm\/","title":{"rendered":"Edelstahltrays ( Kassetten Halten )"},"content":{"rendered":"<p>Edelstahlschalen (Kassettenhalter) f\u00fcr 20 St\u00fcck 288x182x34 mm mit Schraubverschluss abnehmbarer Deckel mit austauschbaren Silikoneins\u00e4tzen - blau, leicht verstellbar Material: Hochwertiger medizinischer Edelstahl, korrosionsbest\u00e4ndig Autoklavierbar<\/p>","protected":false},"excerpt":{"rendered":"<p>Stainless steel trays (cassette holder) for 20 pieces 288x182x34 mm with screw cap removable lid with replaceable silicone inserts &#8211;<\/p>","protected":false},"featured_media":35706,"comment_status":"open","ping_status":"closed","template":"","meta":[],"product_brand":[],"product_cat":[238],"product_tag":[],"class_list":{"0":"post-35634","1":"product","2":"type-product","3":"status-publish","4":"has-post-thumbnail","6":"product_cat-sterilisation-tray-bowl","8":"first","9":"instock","10":"taxable","11":"shipping-taxable","12":"purchasable","13":"product-type-simple"},"_links":{"self":[{"href":"https:\/\/ar-instrumed.de\/de\/wp-json\/wp\/v2\/product\/35634","targetHints":{"allow":["GET"]}}],"collection":[{"href":"https:\/\/ar-instrumed.de\/de\/wp-json\/wp\/v2\/product"}],"about":[{"href":"https:\/\/ar-instrumed.de\/de\/wp-json\/wp\/v2\/types\/product"}],"replies":[{"embeddable":true,"href":"https:\/\/ar-instrumed.de\/de\/wp-json\/wp\/v2\/comments?post=35634"}],"version-history":[{"count":2,"href":"https:\/\/ar-instrumed.de\/de\/wp-json\/wp\/v2\/product\/35634\/revisions"}],"predecessor-version":[{"id":55727,"href":"https:\/\/ar-instrumed.de\/de\/wp-json\/wp\/v2\/product\/35634\/revisions\/55727"}],"wp:featuredmedia":[{"embeddable":true,"href":"https:\/\/ar-instrumed.de\/de\/wp-json\/wp\/v2\/media\/35706"}],"wp:attachment":[{"href":"https:\/\/ar-instrumed.de\/de\/wp-json\/wp\/v2\/media?parent=35634"}],"wp:term":[{"taxonomy":"product_brand","embeddable":true,"href":"https:\/\/ar-instrumed.de\/de\/wp-json\/wp\/v2\/product_brand?post=35634"},{"taxonomy":"product_cat","embeddable":true,"href":"https:\/\/ar-instrumed.de\/de\/wp-json\/wp\/v2\/product_cat?post=35634"},{"taxonomy":"product_tag","embeddable":true,"href":"https:\/\/ar-instrumed.de\/de\/wp-json\/wp\/v2\/product_tag?post=35634"}],"curies":[{"name":"wp","href":"https:\/\/api.w.org\/{rel}","templated":true}]}}