{"id":31309,"date":"2025-09-04T15:49:29","date_gmt":"2025-09-04T15:49:29","guid":{"rendered":"https:\/\/ar-instrumed.de\/demo\/?post_type=product&#038;p=31309"},"modified":"2025-09-22T20:27:08","modified_gmt":"2025-09-22T20:27:08","slug":"orthodontic-set-of-10-pieces","status":"publish","type":"product","link":"https:\/\/ar-instrumed.de\/de\/product\/orthodontic-set-of-10-pieces\/","title":{"rendered":"Kieferorthop\u00e4disches Set aus 10 St\u00fcck"},"content":{"rendered":"<p>Kieferorthop\u00e4disches Set aus 10 St\u00fcck mit Titanbeschichtung<\/p>\n<p>105-089<\/p>\n<p>105-085<\/p>\n<p>105-170<\/p>\n<p>105-178<\/p>\n<p>105-139<\/p>\n<p>105-068<\/p>\n<p>102-480<\/p>\n<p>103-244<\/p>\n<p>103-245-BK<\/p>\n<p>102-099-12<\/p>","protected":false},"excerpt":{"rendered":"<p>Orthodontic set of 10 pieces with titanium coating 105-089 105-085 105-170 105-178 105-139 105-068 102-480 103-244 103-245-BK 102-099-12<\/p>","protected":false},"featured_media":31339,"comment_status":"open","ping_status":"closed","template":"","meta":[],"product_brand":[],"product_cat":[224,228,229],"product_tag":[],"class_list":{"0":"post-31309","1":"product","2":"type-product","3":"status-publish","4":"has-post-thumbnail","6":"product_cat-instruments-set","7":"product_cat-general-instruments","8":"product_cat-orthodontic-pliers","10":"first","11":"instock","12":"taxable","13":"shipping-taxable","14":"purchasable","15":"product-type-simple"},"_links":{"self":[{"href":"https:\/\/ar-instrumed.de\/de\/wp-json\/wp\/v2\/product\/31309","targetHints":{"allow":["GET"]}}],"collection":[{"href":"https:\/\/ar-instrumed.de\/de\/wp-json\/wp\/v2\/product"}],"about":[{"href":"https:\/\/ar-instrumed.de\/de\/wp-json\/wp\/v2\/types\/product"}],"replies":[{"embeddable":true,"href":"https:\/\/ar-instrumed.de\/de\/wp-json\/wp\/v2\/comments?post=31309"}],"version-history":[{"count":2,"href":"https:\/\/ar-instrumed.de\/de\/wp-json\/wp\/v2\/product\/31309\/revisions"}],"predecessor-version":[{"id":57076,"href":"https:\/\/ar-instrumed.de\/de\/wp-json\/wp\/v2\/product\/31309\/revisions\/57076"}],"wp:featuredmedia":[{"embeddable":true,"href":"https:\/\/ar-instrumed.de\/de\/wp-json\/wp\/v2\/media\/31339"}],"wp:attachment":[{"href":"https:\/\/ar-instrumed.de\/de\/wp-json\/wp\/v2\/media?parent=31309"}],"wp:term":[{"taxonomy":"product_brand","embeddable":true,"href":"https:\/\/ar-instrumed.de\/de\/wp-json\/wp\/v2\/product_brand?post=31309"},{"taxonomy":"product_cat","embeddable":true,"href":"https:\/\/ar-instrumed.de\/de\/wp-json\/wp\/v2\/product_cat?post=31309"},{"taxonomy":"product_tag","embeddable":true,"href":"https:\/\/ar-instrumed.de\/de\/wp-json\/wp\/v2\/product_tag?post=31309"}],"curies":[{"name":"wp","href":"https:\/\/api.w.org\/{rel}","templated":true}]}}